{"id":560,"date":"2020-11-17T22:24:39","date_gmt":"2020-11-17T22:24:39","guid":{"rendered":"https:\/\/directinvest.ee\/meist\/"},"modified":"2020-11-18T04:20:14","modified_gmt":"2020-11-18T04:20:14","slug":"meist","status":"publish","type":"page","link":"https:\/\/directinvest.ee\/ru\/meist\/","title":{"rendered":"\u041e \u043d\u0430\u0441"},"content":{"rendered":"\t\t<div data-elementor-type=\"wp-page\" data-elementor-id=\"560\" class=\"elementor elementor-560 elementor-329\">\n\t\t\t\t\t\t<section class=\"elementor-section elementor-top-section elementor-element elementor-element-b245169 elementor-section-full_width elementor-section-height-default elementor-section-height-default sc_fly_static\" data-id=\"b245169\" data-element_type=\"section\">\n\t\t\t\t\t\t<div class=\"elementor-container elementor-column-gap-extended\">\n\t\t\t\t\t<div class=\"elementor-column elementor-col-100 elementor-top-column elementor-element elementor-element-4851a23 sc_inner_width_none sc_content_align_inherit sc_layouts_column_icons_position_left sc_fly_static\" data-id=\"4851a23\" data-element_type=\"column\">\n\t\t\t<div class=\"elementor-widget-wrap elementor-element-populated\">\n\t\t\t\t\t\t<div class=\"elementor-element elementor-element-d4e5825 sc_fly_static elementor-widget elementor-widget-spacer\" data-id=\"d4e5825\" data-element_type=\"widget\" data-widget_type=\"spacer.default\">\n\t\t\t\t<div class=\"elementor-widget-container\">\n\t\t\t\t\t\t\t<div class=\"elementor-spacer\">\n\t\t\t<div class=\"elementor-spacer-inner\"><\/div>\n\t\t<\/div>\n\t\t\t\t\t\t<\/div>\n\t\t\t\t<\/div>\n\t\t\t\t<div class=\"elementor-element elementor-element-afbcfc6 sc_fly_static elementor-widget elementor-widget-menu-anchor\" data-id=\"afbcfc6\" data-element_type=\"widget\" data-widget_type=\"menu-anchor.default\">\n\t\t\t\t<div class=\"elementor-widget-container\">\n\t\t\t\t\t\t\t<div class=\"elementor-menu-anchor\" id=\"Meist\"><\/div>\n\t\t\t\t\t\t<\/div>\n\t\t\t\t<\/div>\n\t\t\t\t<div class=\"elementor-element elementor-element-310d6a9 sc_fly_static elementor-widget elementor-widget-trx_sc_title\" data-id=\"310d6a9\" data-element_type=\"widget\" data-widget_type=\"trx_sc_title.default\">\n\t\t\t\t<div class=\"elementor-widget-container\">\n\t\t\t\t\t<div\t\tclass=\"sc_title sc_title_default\"><h2 class=\"sc_item_title sc_title_title sc_align_center sc_item_title_style_default sc_item_title_tag trx_addons_inline_1227375801\"\n\t\t\t><span class=\"sc_item_title_text\">Direct Invest Group<\/span><\/h2><div class=\"sc_item_descr sc_title_descr sc_align_center\"><p>Investeerimisfirma Direct Invest Group loodi 2009. aastal. Ettev\u00f5te tegeleb \u00e4rikinnisvara investeeringutega Eestis ja L\u00e4tis. Meie portfelli kuuluvad kaubanduskeskused, b\u00fcroohooned ja ka arendusprojektid. Praegu h\u00f5lmab ettev\u00f5tte investeerimisportfell mitmeid arendusj\u00e4rgus olevaid kaubandus- ja b\u00fcroohooneid ning muid kinnistuid. Meie Navigatori hoone sai esimesena Balti riikides LEED Gold sertifikaadi. T\u00e4naseks on meie investeeringute maht l\u00e4henemas 100 miljonile eurole ja meie teenuseid kasutab umbes 100 \u00fc\u00fcrnikku.<\/p>\n<\/div><\/div>\t\t\t\t<\/div>\n\t\t\t\t<\/div>\n\t\t\t\t<div class=\"elementor-element elementor-element-8179e63 sc_fly_static elementor-widget elementor-widget-spacer\" data-id=\"8179e63\" data-element_type=\"widget\" data-widget_type=\"spacer.default\">\n\t\t\t\t<div class=\"elementor-widget-container\">\n\t\t\t\t\t\t\t<div class=\"elementor-spacer\">\n\t\t\t<div class=\"elementor-spacer-inner\"><\/div>\n\t\t<\/div>\n\t\t\t\t\t\t<\/div>\n\t\t\t\t<\/div>\n\t\t\t\t<div class=\"elementor-element elementor-element-f243928 sc_fly_static elementor-widget elementor-widget-spacer\" data-id=\"f243928\" data-element_type=\"widget\" data-widget_type=\"spacer.default\">\n\t\t\t\t<div class=\"elementor-widget-container\">\n\t\t\t\t\t\t\t<div class=\"elementor-spacer\">\n\t\t\t<div class=\"elementor-spacer-inner\"><\/div>\n\t\t<\/div>\n\t\t\t\t\t\t<\/div>\n\t\t\t\t<\/div>\n\t\t\t\t\t<\/div>\n\t\t<\/div>\n\t\t\t\t\t<\/div>\n\t\t<\/section>\n\t\t\t\t<\/div>\n\t\t","protected":false},"excerpt":{"rendered":"<p>Direct Invest Group Investeerimisfirma Direct Invest Group loodi 2009. aastal. Ettev\u00f5te tegeleb \u00e4rikinnisvara investeeringutega Eestis ja L\u00e4tis. Meie portfelli kuuluvad kaubanduskeskused, b\u00fcroohooned ja ka arendusprojektid. Praegu h\u00f5lmab ettev\u00f5tte investeerimisportfell mitmeid arendusj\u00e4rgus olevaid kaubandus- ja b\u00fcroohooneid ning muid kinnistuid. Meie Navigatori hoone sai esimesena Balti riikides LEED Gold sertifikaadi. T\u00e4naseks on meie investeeringute maht l\u00e4henemas 100&hellip;<\/p>\n","protected":false},"author":4,"featured_media":0,"parent":0,"menu_order":0,"comment_status":"closed","ping_status":"closed","template":"","meta":{"footnotes":""},"class_list":["post-560","page","type-page","status-publish","hentry"],"yoast_head":"<!-- This site is optimized with the Yoast SEO Premium plugin v18.7 (Yoast SEO v26.8) - https:\/\/yoast.com\/product\/yoast-seo-premium-wordpress\/ -->\n<title>\u041e \u043d\u0430\u0441 | DIRECT INVEST<\/title>\n<meta name=\"robots\" content=\"index, follow, max-snippet:-1, max-image-preview:large, max-video-preview:-1\" \/>\n<link rel=\"canonical\" href=\"https:\/\/directinvest.ee\/ru\/meist\/\" \/>\n<meta property=\"og:locale\" content=\"ru_RU\" \/>\n<meta property=\"og:type\" content=\"article\" \/>\n<meta property=\"og:title\" content=\"\u041e \u043d\u0430\u0441\" \/>\n<meta property=\"og:description\" content=\"Direct Invest Group Investeerimisfirma Direct Invest Group loodi 2009. aastal. Ettev\u00f5te tegeleb \u00e4rikinnisvara investeeringutega Eestis ja L\u00e4tis. Meie portfelli kuuluvad kaubanduskeskused, b\u00fcroohooned ja ka arendusprojektid. Praegu h\u00f5lmab ettev\u00f5tte investeerimisportfell mitmeid arendusj\u00e4rgus olevaid kaubandus- ja b\u00fcroohooneid ning muid kinnistuid. Meie Navigatori hoone sai esimesena Balti riikides LEED Gold sertifikaadi. T\u00e4naseks on meie investeeringute maht l\u00e4henemas 100&hellip;\" \/>\n<meta property=\"og:url\" content=\"https:\/\/directinvest.ee\/ru\/meist\/\" \/>\n<meta property=\"og:site_name\" content=\"DIRECT INVEST\" \/>\n<meta property=\"article:modified_time\" content=\"2020-11-18T04:20:14+00:00\" \/>\n<meta name=\"twitter:card\" content=\"summary_large_image\" \/>\n<script type=\"application\/ld+json\" class=\"yoast-schema-graph\">{\"@context\":\"https:\/\/schema.org\",\"@graph\":[{\"@type\":\"WebPage\",\"@id\":\"https:\/\/directinvest.ee\/ru\/meist\/\",\"url\":\"https:\/\/directinvest.ee\/ru\/meist\/\",\"name\":\"\u041e \u043d\u0430\u0441 | DIRECT INVEST\",\"isPartOf\":{\"@id\":\"https:\/\/directinvest.ee\/ru\/#website\"},\"datePublished\":\"2020-11-17T22:24:39+00:00\",\"dateModified\":\"2020-11-18T04:20:14+00:00\",\"breadcrumb\":{\"@id\":\"https:\/\/directinvest.ee\/ru\/meist\/#breadcrumb\"},\"inLanguage\":\"ru-RU\",\"potentialAction\":[{\"@type\":\"ReadAction\",\"target\":[\"https:\/\/directinvest.ee\/ru\/meist\/\"]}]},{\"@type\":\"BreadcrumbList\",\"@id\":\"https:\/\/directinvest.ee\/ru\/meist\/#breadcrumb\",\"itemListElement\":[{\"@type\":\"ListItem\",\"position\":1,\"name\":\"Home\",\"item\":\"https:\/\/directinvest.ee\/ru\/\"},{\"@type\":\"ListItem\",\"position\":2,\"name\":\"\u041e \u043d\u0430\u0441\"}]},{\"@type\":\"WebSite\",\"@id\":\"https:\/\/directinvest.ee\/ru\/#website\",\"url\":\"https:\/\/directinvest.ee\/ru\/\",\"name\":\"DIRECT INVEST\",\"description\":\"\",\"publisher\":{\"@id\":\"https:\/\/directinvest.ee\/ru\/#organization\"},\"potentialAction\":[{\"@type\":\"SearchAction\",\"target\":{\"@type\":\"EntryPoint\",\"urlTemplate\":\"https:\/\/directinvest.ee\/ru\/?s={search_term_string}\"},\"query-input\":{\"@type\":\"PropertyValueSpecification\",\"valueRequired\":true,\"valueName\":\"search_term_string\"}}],\"inLanguage\":\"ru-RU\"},{\"@type\":\"Organization\",\"@id\":\"https:\/\/directinvest.ee\/ru\/#organization\",\"name\":\"DIRECT INVEST\",\"url\":\"https:\/\/directinvest.ee\/ru\/\",\"logo\":{\"@type\":\"ImageObject\",\"inLanguage\":\"ru-RU\",\"@id\":\"https:\/\/directinvest.ee\/ru\/#\/schema\/logo\/image\/\",\"url\":\"https:\/\/directinvest.ee\/wp-content\/uploads\/2020\/10\/cropped-Screenshot-2020-10-02-at-12.02.04.png\",\"contentUrl\":\"https:\/\/directinvest.ee\/wp-content\/uploads\/2020\/10\/cropped-Screenshot-2020-10-02-at-12.02.04.png\",\"width\":466,\"height\":203,\"caption\":\"DIRECT INVEST\"},\"image\":{\"@id\":\"https:\/\/directinvest.ee\/ru\/#\/schema\/logo\/image\/\"}}]}<\/script>\n<!-- \/ Yoast SEO Premium plugin. -->","yoast_head_json":{"title":"\u041e \u043d\u0430\u0441 | DIRECT INVEST","robots":{"index":"index","follow":"follow","max-snippet":"max-snippet:-1","max-image-preview":"max-image-preview:large","max-video-preview":"max-video-preview:-1"},"canonical":"https:\/\/directinvest.ee\/ru\/meist\/","og_locale":"ru_RU","og_type":"article","og_title":"\u041e \u043d\u0430\u0441","og_description":"Direct Invest Group Investeerimisfirma Direct Invest Group loodi 2009. aastal. Ettev\u00f5te tegeleb \u00e4rikinnisvara investeeringutega Eestis ja L\u00e4tis. Meie portfelli kuuluvad kaubanduskeskused, b\u00fcroohooned ja ka arendusprojektid. Praegu h\u00f5lmab ettev\u00f5tte investeerimisportfell mitmeid arendusj\u00e4rgus olevaid kaubandus- ja b\u00fcroohooneid ning muid kinnistuid. Meie Navigatori hoone sai esimesena Balti riikides LEED Gold sertifikaadi. T\u00e4naseks on meie investeeringute maht l\u00e4henemas 100&hellip;","og_url":"https:\/\/directinvest.ee\/ru\/meist\/","og_site_name":"DIRECT INVEST","article_modified_time":"2020-11-18T04:20:14+00:00","twitter_card":"summary_large_image","schema":{"@context":"https:\/\/schema.org","@graph":[{"@type":"WebPage","@id":"https:\/\/directinvest.ee\/ru\/meist\/","url":"https:\/\/directinvest.ee\/ru\/meist\/","name":"\u041e \u043d\u0430\u0441 | DIRECT INVEST","isPartOf":{"@id":"https:\/\/directinvest.ee\/ru\/#website"},"datePublished":"2020-11-17T22:24:39+00:00","dateModified":"2020-11-18T04:20:14+00:00","breadcrumb":{"@id":"https:\/\/directinvest.ee\/ru\/meist\/#breadcrumb"},"inLanguage":"ru-RU","potentialAction":[{"@type":"ReadAction","target":["https:\/\/directinvest.ee\/ru\/meist\/"]}]},{"@type":"BreadcrumbList","@id":"https:\/\/directinvest.ee\/ru\/meist\/#breadcrumb","itemListElement":[{"@type":"ListItem","position":1,"name":"Home","item":"https:\/\/directinvest.ee\/ru\/"},{"@type":"ListItem","position":2,"name":"\u041e \u043d\u0430\u0441"}]},{"@type":"WebSite","@id":"https:\/\/directinvest.ee\/ru\/#website","url":"https:\/\/directinvest.ee\/ru\/","name":"DIRECT INVEST","description":"","publisher":{"@id":"https:\/\/directinvest.ee\/ru\/#organization"},"potentialAction":[{"@type":"SearchAction","target":{"@type":"EntryPoint","urlTemplate":"https:\/\/directinvest.ee\/ru\/?s={search_term_string}"},"query-input":{"@type":"PropertyValueSpecification","valueRequired":true,"valueName":"search_term_string"}}],"inLanguage":"ru-RU"},{"@type":"Organization","@id":"https:\/\/directinvest.ee\/ru\/#organization","name":"DIRECT INVEST","url":"https:\/\/directinvest.ee\/ru\/","logo":{"@type":"ImageObject","inLanguage":"ru-RU","@id":"https:\/\/directinvest.ee\/ru\/#\/schema\/logo\/image\/","url":"https:\/\/directinvest.ee\/wp-content\/uploads\/2020\/10\/cropped-Screenshot-2020-10-02-at-12.02.04.png","contentUrl":"https:\/\/directinvest.ee\/wp-content\/uploads\/2020\/10\/cropped-Screenshot-2020-10-02-at-12.02.04.png","width":466,"height":203,"caption":"DIRECT INVEST"},"image":{"@id":"https:\/\/directinvest.ee\/ru\/#\/schema\/logo\/image\/"}}]}},"_links":{"self":[{"href":"https:\/\/directinvest.ee\/ru\/wp-json\/wp\/v2\/pages\/560","targetHints":{"allow":["GET"]}}],"collection":[{"href":"https:\/\/directinvest.ee\/ru\/wp-json\/wp\/v2\/pages"}],"about":[{"href":"https:\/\/directinvest.ee\/ru\/wp-json\/wp\/v2\/types\/page"}],"author":[{"embeddable":true,"href":"https:\/\/directinvest.ee\/ru\/wp-json\/wp\/v2\/users\/4"}],"replies":[{"embeddable":true,"href":"https:\/\/directinvest.ee\/ru\/wp-json\/wp\/v2\/comments?post=560"}],"version-history":[{"count":0,"href":"https:\/\/directinvest.ee\/ru\/wp-json\/wp\/v2\/pages\/560\/revisions"}],"wp:attachment":[{"href":"https:\/\/directinvest.ee\/ru\/wp-json\/wp\/v2\/media?parent=560"}],"curies":[{"name":"wp","href":"https:\/\/api.w.org\/{rel}","templated":true}]}}