{"id":554,"date":"2020-11-17T22:24:10","date_gmt":"2020-11-17T22:24:10","guid":{"rendered":"https:\/\/directinvest.ee\/meie-portfell\/"},"modified":"2020-11-18T04:20:42","modified_gmt":"2020-11-18T04:20:42","slug":"meie-portfell","status":"publish","type":"page","link":"https:\/\/directinvest.ee\/en\/meie-portfell\/","title":{"rendered":"Our portfolio"},"content":{"rendered":"\t\t<div data-elementor-type=\"wp-page\" data-elementor-id=\"554\" class=\"elementor elementor-554 elementor-299\">\n\t\t\t\t\t\t<section class=\"elementor-section elementor-top-section elementor-element elementor-element-9764833 elementor-section-stretched elementor-section-full_width elementor-section-height-default elementor-section-height-default sc_fly_static\" data-id=\"9764833\" data-element_type=\"section\" data-settings=\"{&quot;stretch_section&quot;:&quot;section-stretched&quot;,&quot;background_background&quot;:&quot;classic&quot;}\">\n\t\t\t\t\t\t<div class=\"elementor-container elementor-column-gap-extended\">\n\t\t\t\t\t<div class=\"elementor-column elementor-col-100 elementor-top-column elementor-element elementor-element-3b1478a sc_inner_width_none sc_content_align_inherit sc_layouts_column_icons_position_left sc_fly_static\" data-id=\"3b1478a\" data-element_type=\"column\">\n\t\t\t<div class=\"elementor-widget-wrap elementor-element-populated\">\n\t\t\t\t\t\t<div class=\"elementor-element elementor-element-6847ed9 sc_fly_static elementor-widget elementor-widget-trx_sc_blogger\" data-id=\"6847ed9\" data-element_type=\"widget\" data-widget_type=\"trx_sc_blogger.default\">\n\t\t\t\t<div class=\"elementor-widget-container\">\n\t\t\t\t\t<div \t\tclass=\"sc_blogger sc_blogger_default sc_blogger_default_extra_list sc_item_filters_tabs_none alignnone\"><div class=\"sc_blogger_columns_wrap sc_item_columns sc_item_posts_container trx_addons_columns_wrap columns_padding_bottom\"><div class=\"trx_addons_column-1_4 trx_addons_column-1_2-tablet\"><div data-post-id=\"598\" data-item-number=\"1\" class=\"sc_blogger_item sc_item_container post_container sc_blogger_item_default sc_blogger_item_default_extra_list sc_blogger_item_odd sc_blogger_item_align_none post_format_standard sc_blogger_item_with_image sc_blogger_item_no_excerpt sc_blogger_item_image_position_top post-598 cpt_properties type-cpt_properties status-publish has-post-thumbnail hentry cpt_properties_type-tallinn-eesti-en cpt_properties_country-tallinn-en\"><div class=\"sc_blogger_item_body\"><div class=\"post_featured with_thumb hover_pull sc_item_featured sc_blogger_item_featured post_featured_bg amuli_inline_171842652\" data-ratio=\"9:16\">\t\t\t\t\t\t<div class=\"mask\"><\/div>\n\t\t\t\t\t\t<div class=\"post_info_bl\"><h5 class=\"sc_blogger_item_title entry-title\" data-item-number=\"1\"><a href=\"https:\/\/directinvest.ee\/en\/properties\/navigaator\/\" rel=\"bookmark\">Navigator<\/a><\/h5><div class=\"post_meta sc_blogger_item_meta post_meta\"><span class=\"post_meta_item post_categories\"><a href=\"https:\/\/directinvest.ee\/en\/properties_type\/tallinn-eesti-en\/\" title=\"View all posts in TALLINN, ESTONIA\">TALLINN, ESTONIA<\/a><\/span><\/div><\/div><a class=\"post_link sc_blogger_item_link\" href=\"https:\/\/directinvest.ee\/en\/properties\/navigaator\/\"><\/a><div class=\"post_info_bl\"><h5 class=\"sc_blogger_item_title entry-title\" data-item-number=\"1\"><a href=\"https:\/\/directinvest.ee\/en\/properties\/navigaator\/\" rel=\"bookmark\">Navigator<\/a><\/h5><div class=\"post_meta sc_blogger_item_meta post_meta\"><span class=\"post_meta_item post_categories\"><a href=\"https:\/\/directinvest.ee\/en\/properties_type\/tallinn-eesti-en\/\" title=\"View all posts in TALLINN, ESTONIA\">TALLINN, ESTONIA<\/a><\/span><\/div><\/div><a class=\"post_link sc_blogger_item_link\" href=\"https:\/\/directinvest.ee\/en\/properties\/navigaator\/\"><\/a><\/div><\/div><\/div><\/div><div class=\"trx_addons_column-1_4 trx_addons_column-1_2-tablet\"><div data-post-id=\"594\" data-item-number=\"2\" class=\"sc_blogger_item sc_item_container post_container sc_blogger_item_default sc_blogger_item_default_extra_list sc_blogger_item_even sc_blogger_item_align_none post_format_standard sc_blogger_item_with_image sc_blogger_item_no_excerpt sc_blogger_item_image_position_top post-594 cpt_properties type-cpt_properties status-publish has-post-thumbnail hentry cpt_properties_type-parnu-eesti-en cpt_properties_country-haapsalu-en\"><div class=\"sc_blogger_item_body\"><div class=\"post_featured with_thumb hover_pull sc_item_featured sc_blogger_item_featured post_featured_bg amuli_inline_2142974838\" data-ratio=\"9:16\">\t\t\t\t\t\t<div class=\"mask\"><\/div>\n\t\t\t\t\t\t<div class=\"post_info_bl\"><h5 class=\"sc_blogger_item_title entry-title\" data-item-number=\"2\"><a href=\"https:\/\/directinvest.ee\/en\/properties\/mai-keskus\/\" rel=\"bookmark\">Mai Shopping Center<\/a><\/h5><div class=\"post_meta sc_blogger_item_meta post_meta\"><span class=\"post_meta_item post_categories\"><a href=\"https:\/\/directinvest.ee\/en\/properties_type\/parnu-eesti-en\/\" title=\"View all posts in P\u00c4RNU, ESTONIA\">P\u00c4RNU, ESTONIA<\/a><\/span><\/div><\/div><a class=\"post_link sc_blogger_item_link\" href=\"https:\/\/directinvest.ee\/en\/properties\/mai-keskus\/\"><\/a><div class=\"post_info_bl\"><h5 class=\"sc_blogger_item_title entry-title\" data-item-number=\"2\"><a href=\"https:\/\/directinvest.ee\/en\/properties\/mai-keskus\/\" rel=\"bookmark\">Mai Shopping Center<\/a><\/h5><div class=\"post_meta sc_blogger_item_meta post_meta\"><span class=\"post_meta_item post_categories\"><a href=\"https:\/\/directinvest.ee\/en\/properties_type\/parnu-eesti-en\/\" title=\"View all posts in P\u00c4RNU, ESTONIA\">P\u00c4RNU, ESTONIA<\/a><\/span><\/div><\/div><a class=\"post_link sc_blogger_item_link\" href=\"https:\/\/directinvest.ee\/en\/properties\/mai-keskus\/\"><\/a><\/div><\/div><\/div><\/div><div class=\"trx_addons_column-1_4 trx_addons_column-1_2-tablet\"><div data-post-id=\"590\" data-item-number=\"3\" class=\"sc_blogger_item sc_item_container post_container sc_blogger_item_default sc_blogger_item_default_extra_list sc_blogger_item_odd sc_blogger_item_align_none post_format_standard sc_blogger_item_with_image sc_blogger_item_no_excerpt sc_blogger_item_image_position_top post-590 cpt_properties type-cpt_properties status-publish has-post-thumbnail hentry cpt_properties_type-haapsalu-eesti-en cpt_properties_country-haapsalu-en\"><div class=\"sc_blogger_item_body\"><div class=\"post_featured with_thumb hover_pull sc_item_featured sc_blogger_item_featured post_featured_bg amuli_inline_1453271000\" data-ratio=\"9:16\">\t\t\t\t\t\t<div class=\"mask\"><\/div>\n\t\t\t\t\t\t<div class=\"post_info_bl\"><h5 class=\"sc_blogger_item_title entry-title\" data-item-number=\"3\"><a href=\"https:\/\/directinvest.ee\/en\/properties\/rannarootsi\/\" rel=\"bookmark\">Rannarootsi<\/a><\/h5><div class=\"post_meta sc_blogger_item_meta post_meta\"><span class=\"post_meta_item post_categories\"><a href=\"https:\/\/directinvest.ee\/en\/properties_type\/haapsalu-eesti-en\/\" title=\"View all posts in HAAPSALU, ESTONIA\">HAAPSALU, ESTONIA<\/a><\/span><\/div><\/div><a class=\"post_link sc_blogger_item_link\" href=\"https:\/\/directinvest.ee\/en\/properties\/rannarootsi\/\"><\/a><div class=\"post_info_bl\"><h5 class=\"sc_blogger_item_title entry-title\" data-item-number=\"3\"><a href=\"https:\/\/directinvest.ee\/en\/properties\/rannarootsi\/\" rel=\"bookmark\">Rannarootsi<\/a><\/h5><div class=\"post_meta sc_blogger_item_meta post_meta\"><span class=\"post_meta_item post_categories\"><a href=\"https:\/\/directinvest.ee\/en\/properties_type\/haapsalu-eesti-en\/\" title=\"View all posts in HAAPSALU, ESTONIA\">HAAPSALU, ESTONIA<\/a><\/span><\/div><\/div><a class=\"post_link sc_blogger_item_link\" href=\"https:\/\/directinvest.ee\/en\/properties\/rannarootsi\/\"><\/a><\/div><\/div><\/div><\/div><div class=\"trx_addons_column-1_4 trx_addons_column-1_2-tablet\"><div data-post-id=\"573\" data-item-number=\"4\" class=\"sc_blogger_item sc_item_container post_container sc_blogger_item_default sc_blogger_item_default_extra_list sc_blogger_item_even sc_blogger_item_align_none post_format_standard sc_blogger_item_with_image sc_blogger_item_no_excerpt sc_blogger_item_image_position_top post-573 cpt_properties type-cpt_properties status-publish has-post-thumbnail hentry cpt_properties_type-tartu-eesti-en cpt_properties_country-haapsalu-en\"><div class=\"sc_blogger_item_body\"><div class=\"post_featured with_thumb hover_pull sc_item_featured sc_blogger_item_featured post_featured_bg amuli_inline_1908883723\" data-ratio=\"9:16\">\t\t\t\t\t\t<div class=\"mask\"><\/div>\n\t\t\t\t\t\t<div class=\"post_info_bl\"><h5 class=\"sc_blogger_item_title entry-title\" data-item-number=\"4\"><a href=\"https:\/\/directinvest.ee\/en\/properties\/joe-keskus\/\" rel=\"bookmark\">J\u00f5e Shopping Center<\/a><\/h5><div class=\"post_meta sc_blogger_item_meta post_meta\"><span class=\"post_meta_item post_categories\"><a href=\"https:\/\/directinvest.ee\/en\/properties_type\/tartu-eesti-en\/\" title=\"View all posts in TARTU, ESTONIA\">TARTU, ESTONIA<\/a><\/span><\/div><\/div><a class=\"post_link sc_blogger_item_link\" href=\"https:\/\/directinvest.ee\/en\/properties\/joe-keskus\/\"><\/a><div class=\"post_info_bl\"><h5 class=\"sc_blogger_item_title entry-title\" data-item-number=\"4\"><a href=\"https:\/\/directinvest.ee\/en\/properties\/joe-keskus\/\" rel=\"bookmark\">J\u00f5e Shopping Center<\/a><\/h5><div class=\"post_meta sc_blogger_item_meta post_meta\"><span class=\"post_meta_item post_categories\"><a href=\"https:\/\/directinvest.ee\/en\/properties_type\/tartu-eesti-en\/\" title=\"View all posts in TARTU, ESTONIA\">TARTU, ESTONIA<\/a><\/span><\/div><\/div><a class=\"post_link sc_blogger_item_link\" href=\"https:\/\/directinvest.ee\/en\/properties\/joe-keskus\/\"><\/a><\/div><\/div><\/div><\/div><div class=\"trx_addons_column-1_4 trx_addons_column-1_2-tablet\"><div data-post-id=\"584\" data-item-number=\"5\" class=\"sc_blogger_item sc_item_container post_container sc_blogger_item_default sc_blogger_item_default_extra_list sc_blogger_item_odd sc_blogger_item_align_none post_format_standard sc_blogger_item_with_image sc_blogger_item_no_excerpt sc_blogger_item_image_position_top post-584 cpt_properties type-cpt_properties status-publish has-post-thumbnail hentry cpt_properties_type-tallinn-eesti-en cpt_properties_country-haapsalu-en\"><div class=\"sc_blogger_item_body\"><div class=\"post_featured with_thumb hover_pull sc_item_featured sc_blogger_item_featured post_featured_bg amuli_inline_1687906987\" data-ratio=\"9:16\">\t\t\t\t\t\t<div class=\"mask\"><\/div>\n\t\t\t\t\t\t<div class=\"post_info_bl\"><h5 class=\"sc_blogger_item_title entry-title\" data-item-number=\"5\"><a href=\"https:\/\/directinvest.ee\/en\/properties\/tabasalu-rimi\/\" rel=\"bookmark\">Tabasalu Rimi<\/a><\/h5><div class=\"post_meta sc_blogger_item_meta post_meta\"><span class=\"post_meta_item post_categories\"><a href=\"https:\/\/directinvest.ee\/en\/properties_type\/tallinn-eesti-en\/\" title=\"View all posts in TALLINN, ESTONIA\">TALLINN, ESTONIA<\/a><\/span><\/div><\/div><a class=\"post_link sc_blogger_item_link\" href=\"https:\/\/directinvest.ee\/en\/properties\/tabasalu-rimi\/\"><\/a><div class=\"post_info_bl\"><h5 class=\"sc_blogger_item_title entry-title\" data-item-number=\"5\"><a href=\"https:\/\/directinvest.ee\/en\/properties\/tabasalu-rimi\/\" rel=\"bookmark\">Tabasalu Rimi<\/a><\/h5><div class=\"post_meta sc_blogger_item_meta post_meta\"><span class=\"post_meta_item post_categories\"><a href=\"https:\/\/directinvest.ee\/en\/properties_type\/tallinn-eesti-en\/\" title=\"View all posts in TALLINN, ESTONIA\">TALLINN, ESTONIA<\/a><\/span><\/div><\/div><a class=\"post_link sc_blogger_item_link\" href=\"https:\/\/directinvest.ee\/en\/properties\/tabasalu-rimi\/\"><\/a><\/div><\/div><\/div><\/div><div class=\"trx_addons_column-1_4 trx_addons_column-1_2-tablet\"><div data-post-id=\"579\" data-item-number=\"6\" class=\"sc_blogger_item sc_item_container post_container sc_blogger_item_default sc_blogger_item_default_extra_list sc_blogger_item_even sc_blogger_item_align_none post_format_standard sc_blogger_item_with_image sc_blogger_item_no_excerpt sc_blogger_item_image_position_top post-579 cpt_properties type-cpt_properties status-publish has-post-thumbnail hentry cpt_properties_type-narva-joesuu-eesti-en cpt_properties_country-haapsalu-en\"><div class=\"sc_blogger_item_body\"><div class=\"post_featured with_thumb hover_pull sc_item_featured sc_blogger_item_featured post_featured_bg amuli_inline_49822814\" data-ratio=\"9:16\">\t\t\t\t\t\t<div class=\"mask\"><\/div>\n\t\t\t\t\t\t<div class=\"post_info_bl\"><h5 class=\"sc_blogger_item_title entry-title\" data-item-number=\"6\"><a href=\"https:\/\/directinvest.ee\/en\/properties\/liivakell-puhkekeskus\/\" rel=\"bookmark\">Liivakell<\/a><\/h5><div class=\"post_meta sc_blogger_item_meta post_meta\"><span class=\"post_meta_item post_categories\"><a href=\"https:\/\/directinvest.ee\/en\/properties_type\/narva-joesuu-eesti-en\/\" title=\"View all posts in NARVA-J\u00d5ESUU, ESTONIA\">NARVA-J\u00d5ESUU, ESTONIA<\/a><\/span><\/div><\/div><a class=\"post_link sc_blogger_item_link\" href=\"https:\/\/directinvest.ee\/en\/properties\/liivakell-puhkekeskus\/\"><\/a><div class=\"post_info_bl\"><h5 class=\"sc_blogger_item_title entry-title\" data-item-number=\"6\"><a href=\"https:\/\/directinvest.ee\/en\/properties\/liivakell-puhkekeskus\/\" rel=\"bookmark\">Liivakell<\/a><\/h5><div class=\"post_meta sc_blogger_item_meta post_meta\"><span class=\"post_meta_item post_categories\"><a href=\"https:\/\/directinvest.ee\/en\/properties_type\/narva-joesuu-eesti-en\/\" title=\"View all posts in NARVA-J\u00d5ESUU, ESTONIA\">NARVA-J\u00d5ESUU, ESTONIA<\/a><\/span><\/div><\/div><a class=\"post_link sc_blogger_item_link\" href=\"https:\/\/directinvest.ee\/en\/properties\/liivakell-puhkekeskus\/\"><\/a><\/div><\/div><\/div><\/div><div class=\"trx_addons_column-1_4 trx_addons_column-1_2-tablet\"><div data-post-id=\"575\" data-item-number=\"7\" class=\"sc_blogger_item sc_item_container post_container sc_blogger_item_default sc_blogger_item_default_extra_list sc_blogger_item_odd sc_blogger_item_align_none post_format_standard sc_blogger_item_with_image sc_blogger_item_no_excerpt sc_blogger_item_image_position_top post-575 cpt_properties type-cpt_properties status-publish has-post-thumbnail hentry cpt_properties_type-tallinn-eesti-en cpt_properties_country-haapsalu-en\"><div class=\"sc_blogger_item_body\"><div class=\"post_featured with_thumb hover_pull sc_item_featured sc_blogger_item_featured post_featured_bg amuli_inline_1701636273\" data-ratio=\"9:16\">\t\t\t\t\t\t<div class=\"mask\"><\/div>\n\t\t\t\t\t\t<div class=\"post_info_bl\"><h5 class=\"sc_blogger_item_title entry-title\" data-item-number=\"7\"><a href=\"https:\/\/directinvest.ee\/en\/properties\/parnu-mnt-156\/\" rel=\"bookmark\">P\u00e4rnu mnt 156<\/a><\/h5><div class=\"post_meta sc_blogger_item_meta post_meta\"><span class=\"post_meta_item post_categories\"><a href=\"https:\/\/directinvest.ee\/en\/properties_type\/tallinn-eesti-en\/\" title=\"View all posts in TALLINN, ESTONIA\">TALLINN, ESTONIA<\/a><\/span><\/div><\/div><a class=\"post_link sc_blogger_item_link\" href=\"https:\/\/directinvest.ee\/en\/properties\/parnu-mnt-156\/\"><\/a><div class=\"post_info_bl\"><h5 class=\"sc_blogger_item_title entry-title\" data-item-number=\"7\"><a href=\"https:\/\/directinvest.ee\/en\/properties\/parnu-mnt-156\/\" rel=\"bookmark\">P\u00e4rnu mnt 156<\/a><\/h5><div class=\"post_meta sc_blogger_item_meta post_meta\"><span class=\"post_meta_item post_categories\"><a href=\"https:\/\/directinvest.ee\/en\/properties_type\/tallinn-eesti-en\/\" title=\"View all posts in TALLINN, ESTONIA\">TALLINN, ESTONIA<\/a><\/span><\/div><\/div><a class=\"post_link sc_blogger_item_link\" href=\"https:\/\/directinvest.ee\/en\/properties\/parnu-mnt-156\/\"><\/a><\/div><\/div><\/div><\/div><div class=\"trx_addons_column-1_4 trx_addons_column-1_2-tablet\"><div data-post-id=\"563\" data-item-number=\"8\" class=\"sc_blogger_item sc_item_container post_container sc_blogger_item_default sc_blogger_item_default_extra_list sc_blogger_item_even sc_blogger_item_align_none post_format_standard sc_blogger_item_with_image sc_blogger_item_no_excerpt sc_blogger_item_image_position_top post-563 cpt_properties type-cpt_properties status-publish has-post-thumbnail hentry cpt_properties_type-tallinn-eesti-en cpt_properties_country-tallinn-en\"><div class=\"sc_blogger_item_body\"><div class=\"post_featured with_thumb hover_pull sc_item_featured sc_blogger_item_featured post_featured_bg amuli_inline_504178360\" data-ratio=\"9:16\">\t\t\t\t\t\t<div class=\"mask\"><\/div>\n\t\t\t\t\t\t<div class=\"post_info_bl\"><h5 class=\"sc_blogger_item_title entry-title\" data-item-number=\"8\"><a href=\"https:\/\/directinvest.ee\/en\/properties\/mehhatroonikum\/\" rel=\"bookmark\">Mechatronicum<\/a><\/h5><div class=\"post_meta sc_blogger_item_meta post_meta\"><span class=\"post_meta_item post_categories\"><a href=\"https:\/\/directinvest.ee\/en\/properties_type\/tallinn-eesti-en\/\" title=\"View all posts in TALLINN, ESTONIA\">TALLINN, ESTONIA<\/a><\/span><\/div><\/div><a class=\"post_link sc_blogger_item_link\" href=\"https:\/\/directinvest.ee\/en\/properties\/mehhatroonikum\/\"><\/a><div class=\"post_info_bl\"><h5 class=\"sc_blogger_item_title entry-title\" data-item-number=\"8\"><a href=\"https:\/\/directinvest.ee\/en\/properties\/mehhatroonikum\/\" rel=\"bookmark\">Mechatronicum<\/a><\/h5><div class=\"post_meta sc_blogger_item_meta post_meta\"><span class=\"post_meta_item post_categories\"><a href=\"https:\/\/directinvest.ee\/en\/properties_type\/tallinn-eesti-en\/\" title=\"View all posts in TALLINN, ESTONIA\">TALLINN, ESTONIA<\/a><\/span><\/div><\/div><a class=\"post_link sc_blogger_item_link\" href=\"https:\/\/directinvest.ee\/en\/properties\/mehhatroonikum\/\"><\/a><\/div><\/div><\/div><\/div><\/div><\/div>\t\t\t\t<\/div>\n\t\t\t\t<\/div>\n\t\t\t\t<div class=\"elementor-element elementor-element-0d8891f sc_fly_static elementor-widget elementor-widget-spacer\" data-id=\"0d8891f\" data-element_type=\"widget\" data-widget_type=\"spacer.default\">\n\t\t\t\t<div class=\"elementor-widget-container\">\n\t\t\t\t\t\t\t<div class=\"elementor-spacer\">\n\t\t\t<div class=\"elementor-spacer-inner\"><\/div>\n\t\t<\/div>\n\t\t\t\t\t\t<\/div>\n\t\t\t\t<\/div>\n\t\t\t\t<div class=\"elementor-element elementor-element-666d7e0 sc_fly_static elementor-widget elementor-widget-spacer\" data-id=\"666d7e0\" data-element_type=\"widget\" data-widget_type=\"spacer.default\">\n\t\t\t\t<div class=\"elementor-widget-container\">\n\t\t\t\t\t\t\t<div class=\"elementor-spacer\">\n\t\t\t<div class=\"elementor-spacer-inner\"><\/div>\n\t\t<\/div>\n\t\t\t\t\t\t<\/div>\n\t\t\t\t<\/div>\n\t\t\t\t\t<\/div>\n\t\t<\/div>\n\t\t\t\t\t<\/div>\n\t\t<\/section>\n\t\t\t\t<\/div>\n\t\t","protected":false},"excerpt":{"rendered":"<p>Navigaator TALLINN, EESTI Mai keskus P\u00c4RNU, EESTI Rannarootsi HAAPSALU, EESTI J\u00f5e Keskus TARTU, EESTI Tabasalu Rimi TALLINN, EESTI Liivakell puhkekeskus NARVA-J\u00d5ESUU, EESTI P\u00e4rnu mnt 156 TALLINN, EESTI Mehhatroonikum TALLINN, EESTI<\/p>\n","protected":false},"author":4,"featured_media":0,"parent":0,"menu_order":0,"comment_status":"closed","ping_status":"closed","template":"","meta":{"footnotes":""},"class_list":["post-554","page","type-page","status-publish","hentry"],"yoast_head":"<!-- This site is optimized with the Yoast SEO Premium plugin v18.7 (Yoast SEO v26.8) - https:\/\/yoast.com\/product\/yoast-seo-premium-wordpress\/ -->\n<title>Our portfolio | DIRECT INVEST<\/title>\n<meta name=\"robots\" content=\"index, follow, max-snippet:-1, max-image-preview:large, max-video-preview:-1\" \/>\n<link rel=\"canonical\" href=\"https:\/\/directinvest.ee\/en\/meie-portfell\/\" \/>\n<meta property=\"og:locale\" content=\"en_US\" \/>\n<meta property=\"og:type\" content=\"article\" \/>\n<meta property=\"og:title\" content=\"Our portfolio\" \/>\n<meta property=\"og:description\" content=\"Navigaator TALLINN, EESTI Mai keskus P\u00c4RNU, EESTI Rannarootsi HAAPSALU, EESTI J\u00f5e Keskus TARTU, EESTI Tabasalu Rimi TALLINN, EESTI Liivakell puhkekeskus NARVA-J\u00d5ESUU, EESTI P\u00e4rnu mnt 156 TALLINN, EESTI Mehhatroonikum TALLINN, EESTI\" \/>\n<meta property=\"og:url\" content=\"https:\/\/directinvest.ee\/en\/meie-portfell\/\" \/>\n<meta property=\"og:site_name\" content=\"DIRECT INVEST\" \/>\n<meta property=\"article:modified_time\" content=\"2020-11-18T04:20:42+00:00\" \/>\n<meta name=\"twitter:card\" content=\"summary_large_image\" \/>\n<script type=\"application\/ld+json\" class=\"yoast-schema-graph\">{\"@context\":\"https:\/\/schema.org\",\"@graph\":[{\"@type\":\"WebPage\",\"@id\":\"https:\/\/directinvest.ee\/en\/meie-portfell\/\",\"url\":\"https:\/\/directinvest.ee\/en\/meie-portfell\/\",\"name\":\"Our portfolio | DIRECT INVEST\",\"isPartOf\":{\"@id\":\"https:\/\/directinvest.ee\/en\/#website\"},\"datePublished\":\"2020-11-17T22:24:10+00:00\",\"dateModified\":\"2020-11-18T04:20:42+00:00\",\"breadcrumb\":{\"@id\":\"https:\/\/directinvest.ee\/en\/meie-portfell\/#breadcrumb\"},\"inLanguage\":\"en-US\",\"potentialAction\":[{\"@type\":\"ReadAction\",\"target\":[\"https:\/\/directinvest.ee\/en\/meie-portfell\/\"]}]},{\"@type\":\"BreadcrumbList\",\"@id\":\"https:\/\/directinvest.ee\/en\/meie-portfell\/#breadcrumb\",\"itemListElement\":[{\"@type\":\"ListItem\",\"position\":1,\"name\":\"Home\",\"item\":\"https:\/\/directinvest.ee\/en\/\"},{\"@type\":\"ListItem\",\"position\":2,\"name\":\"Our portfolio\"}]},{\"@type\":\"WebSite\",\"@id\":\"https:\/\/directinvest.ee\/en\/#website\",\"url\":\"https:\/\/directinvest.ee\/en\/\",\"name\":\"DIRECT INVEST\",\"description\":\"\",\"publisher\":{\"@id\":\"https:\/\/directinvest.ee\/en\/#organization\"},\"potentialAction\":[{\"@type\":\"SearchAction\",\"target\":{\"@type\":\"EntryPoint\",\"urlTemplate\":\"https:\/\/directinvest.ee\/en\/?s={search_term_string}\"},\"query-input\":{\"@type\":\"PropertyValueSpecification\",\"valueRequired\":true,\"valueName\":\"search_term_string\"}}],\"inLanguage\":\"en-US\"},{\"@type\":\"Organization\",\"@id\":\"https:\/\/directinvest.ee\/en\/#organization\",\"name\":\"DIRECT INVEST\",\"url\":\"https:\/\/directinvest.ee\/en\/\",\"logo\":{\"@type\":\"ImageObject\",\"inLanguage\":\"en-US\",\"@id\":\"https:\/\/directinvest.ee\/en\/#\/schema\/logo\/image\/\",\"url\":\"https:\/\/directinvest.ee\/wp-content\/uploads\/2020\/10\/cropped-Screenshot-2020-10-02-at-12.02.04.png\",\"contentUrl\":\"https:\/\/directinvest.ee\/wp-content\/uploads\/2020\/10\/cropped-Screenshot-2020-10-02-at-12.02.04.png\",\"width\":466,\"height\":203,\"caption\":\"DIRECT INVEST\"},\"image\":{\"@id\":\"https:\/\/directinvest.ee\/en\/#\/schema\/logo\/image\/\"}}]}<\/script>\n<!-- \/ Yoast SEO Premium plugin. -->","yoast_head_json":{"title":"Our portfolio | DIRECT INVEST","robots":{"index":"index","follow":"follow","max-snippet":"max-snippet:-1","max-image-preview":"max-image-preview:large","max-video-preview":"max-video-preview:-1"},"canonical":"https:\/\/directinvest.ee\/en\/meie-portfell\/","og_locale":"en_US","og_type":"article","og_title":"Our portfolio","og_description":"Navigaator TALLINN, EESTI Mai keskus P\u00c4RNU, EESTI Rannarootsi HAAPSALU, EESTI J\u00f5e Keskus TARTU, EESTI Tabasalu Rimi TALLINN, EESTI Liivakell puhkekeskus NARVA-J\u00d5ESUU, EESTI P\u00e4rnu mnt 156 TALLINN, EESTI Mehhatroonikum TALLINN, EESTI","og_url":"https:\/\/directinvest.ee\/en\/meie-portfell\/","og_site_name":"DIRECT INVEST","article_modified_time":"2020-11-18T04:20:42+00:00","twitter_card":"summary_large_image","schema":{"@context":"https:\/\/schema.org","@graph":[{"@type":"WebPage","@id":"https:\/\/directinvest.ee\/en\/meie-portfell\/","url":"https:\/\/directinvest.ee\/en\/meie-portfell\/","name":"Our portfolio | DIRECT INVEST","isPartOf":{"@id":"https:\/\/directinvest.ee\/en\/#website"},"datePublished":"2020-11-17T22:24:10+00:00","dateModified":"2020-11-18T04:20:42+00:00","breadcrumb":{"@id":"https:\/\/directinvest.ee\/en\/meie-portfell\/#breadcrumb"},"inLanguage":"en-US","potentialAction":[{"@type":"ReadAction","target":["https:\/\/directinvest.ee\/en\/meie-portfell\/"]}]},{"@type":"BreadcrumbList","@id":"https:\/\/directinvest.ee\/en\/meie-portfell\/#breadcrumb","itemListElement":[{"@type":"ListItem","position":1,"name":"Home","item":"https:\/\/directinvest.ee\/en\/"},{"@type":"ListItem","position":2,"name":"Our portfolio"}]},{"@type":"WebSite","@id":"https:\/\/directinvest.ee\/en\/#website","url":"https:\/\/directinvest.ee\/en\/","name":"DIRECT INVEST","description":"","publisher":{"@id":"https:\/\/directinvest.ee\/en\/#organization"},"potentialAction":[{"@type":"SearchAction","target":{"@type":"EntryPoint","urlTemplate":"https:\/\/directinvest.ee\/en\/?s={search_term_string}"},"query-input":{"@type":"PropertyValueSpecification","valueRequired":true,"valueName":"search_term_string"}}],"inLanguage":"en-US"},{"@type":"Organization","@id":"https:\/\/directinvest.ee\/en\/#organization","name":"DIRECT INVEST","url":"https:\/\/directinvest.ee\/en\/","logo":{"@type":"ImageObject","inLanguage":"en-US","@id":"https:\/\/directinvest.ee\/en\/#\/schema\/logo\/image\/","url":"https:\/\/directinvest.ee\/wp-content\/uploads\/2020\/10\/cropped-Screenshot-2020-10-02-at-12.02.04.png","contentUrl":"https:\/\/directinvest.ee\/wp-content\/uploads\/2020\/10\/cropped-Screenshot-2020-10-02-at-12.02.04.png","width":466,"height":203,"caption":"DIRECT INVEST"},"image":{"@id":"https:\/\/directinvest.ee\/en\/#\/schema\/logo\/image\/"}}]}},"_links":{"self":[{"href":"https:\/\/directinvest.ee\/en\/wp-json\/wp\/v2\/pages\/554","targetHints":{"allow":["GET"]}}],"collection":[{"href":"https:\/\/directinvest.ee\/en\/wp-json\/wp\/v2\/pages"}],"about":[{"href":"https:\/\/directinvest.ee\/en\/wp-json\/wp\/v2\/types\/page"}],"author":[{"embeddable":true,"href":"https:\/\/directinvest.ee\/en\/wp-json\/wp\/v2\/users\/4"}],"replies":[{"embeddable":true,"href":"https:\/\/directinvest.ee\/en\/wp-json\/wp\/v2\/comments?post=554"}],"version-history":[{"count":0,"href":"https:\/\/directinvest.ee\/en\/wp-json\/wp\/v2\/pages\/554\/revisions"}],"wp:attachment":[{"href":"https:\/\/directinvest.ee\/en\/wp-json\/wp\/v2\/media?parent=554"}],"curies":[{"name":"wp","href":"https:\/\/api.w.org\/{rel}","templated":true}]}}